{"id":17,"date":"2025-09-18T20:14:10","date_gmt":"2025-09-18T18:14:10","guid":{"rendered":"https:\/\/d2.dreamlink.pl\/spim\/?page_id=17"},"modified":"2025-10-05T14:58:15","modified_gmt":"2025-10-05T12:58:15","slug":"join","status":"publish","type":"page","link":"https:\/\/d2.dreamlink.pl\/spim\/?page_id=17","title":{"rendered":"Influencer marketing w Polsce wchodzi w now\u0105 er\u0119. Nasza rola to wyznaczenie jej kierunku."},"content":{"rendered":"\n      <p data-aos=\"fade-up-right\" data-aos-delay=\"150\">Zrzeszamy przedstawicieli bran\u017cy influencer marketingu, kt\u00f3rych celem jest d\u0105\u017cenie do pe\u0142nej profesjonalizacji rynku, dba\u0142o\u015bci o etyk\u0119 oraz ochrony interes\u00f3w zar\u00f3wno jej pracownik\u00f3w, tw\u00f3rc\u00f3w, a tak\u017ce u\u017cytkownik\u00f3w platform social media. Naszym zadaniem jest promowanie i wsparcie influencer marketingu z poziomu tw\u00f3rc\u00f3w, influencer\u00f3w, manager\u00f3w oraz specjalist\u00f3w.<\/p>\n      <p data-aos=\"fade-up-right\" data-aos-delay=\"200\">Reprezentujemy zar\u00f3wno influencer\u00f3w, tw\u00f3rc\u00f3w video, pracownik\u00f3w agencji, manager\u00f3w jak i wszystkich profesjonalist\u00f3w dla kt\u00f3rych influencer marketing jest przedmiotem ich codziennej dzia\u0142alno\u015bci. Naszymi cz\u0142onkami s\u0105 tak\u017ce najwi\u0119ksze organizacje w Polsce.<\/p>\n\n\n\n\n\n<p><\/p>\n","protected":false},"excerpt":{"rendered":"<p>Zrzeszamy przedstawicieli bran\u017cy influencer marketingu, kt\u00f3rych celem jest d\u0105\u017cenie do pe\u0142nej profesjonalizacji rynku, dba\u0142o\u015bci o etyk\u0119 oraz ochrony interes\u00f3w zar\u00f3wno jej pracownik\u00f3w, tw\u00f3rc\u00f3w, a tak\u017ce u\u017cytkownik\u00f3w platform social media. Naszym zadaniem jest promowanie i wsparcie influencer marketingu z poziomu tw\u00f3rc\u00f3w, influencer\u00f3w, manager\u00f3w oraz specjalist\u00f3w. Reprezentujemy zar\u00f3wno influencer\u00f3w, tw\u00f3rc\u00f3w video, pracownik\u00f3w agencji, manager\u00f3w jak i wszystkich [&hellip;]<\/p>\n","protected":false},"author":1,"featured_media":0,"parent":0,"menu_order":0,"comment_status":"closed","ping_status":"closed","template":"page-join.php","meta":{"_acf_changed":false,"footnotes":""},"class_list":["post-17","page","type-page","status-publish","hentry"],"acf":[],"_links":{"self":[{"href":"https:\/\/d2.dreamlink.pl\/spim\/index.php?rest_route=\/wp\/v2\/pages\/17","targetHints":{"allow":["GET"]}}],"collection":[{"href":"https:\/\/d2.dreamlink.pl\/spim\/index.php?rest_route=\/wp\/v2\/pages"}],"about":[{"href":"https:\/\/d2.dreamlink.pl\/spim\/index.php?rest_route=\/wp\/v2\/types\/page"}],"author":[{"embeddable":true,"href":"https:\/\/d2.dreamlink.pl\/spim\/index.php?rest_route=\/wp\/v2\/users\/1"}],"replies":[{"embeddable":true,"href":"https:\/\/d2.dreamlink.pl\/spim\/index.php?rest_route=%2Fwp%2Fv2%2Fcomments&post=17"}],"version-history":[{"count":3,"href":"https:\/\/d2.dreamlink.pl\/spim\/index.php?rest_route=\/wp\/v2\/pages\/17\/revisions"}],"predecessor-version":[{"id":127,"href":"https:\/\/d2.dreamlink.pl\/spim\/index.php?rest_route=\/wp\/v2\/pages\/17\/revisions\/127"}],"wp:attachment":[{"href":"https:\/\/d2.dreamlink.pl\/spim\/index.php?rest_route=%2Fwp%2Fv2%2Fmedia&parent=17"}],"curies":[{"name":"wp","href":"https:\/\/api.w.org\/{rel}","templated":true}]}}